{"id":5146,"date":"2025-09-05T03:29:20","date_gmt":"2025-09-05T03:29:20","guid":{"rendered":"https:\/\/www.tabautoparts.com\/?page_id=5146"},"modified":"2025-10-30T06:51:46","modified_gmt":"2025-10-30T06:51:46","slug":"brand","status":"publish","type":"page","link":"https:\/\/www.tabautoparts.com\/es\/brand\/","title":{"rendered":"Marca"},"content":{"rendered":"<!--\u9875\u9762banner-->\n<div class=\"container2\">\n        <!-- \u56fe\u7247\u5c42 - \u5728\u5e95\u5c42 -->\n        <div class=\"image-layer\">\n            <img decoding=\"async\" src=\"\/wp-content\/uploads\/2025\/09\/aa.webp\" alt=\"Tianzhong Fabricante de piezas de camiones y piezas del tren de rodaje\">\n        <\/div>\n        \n        <!-- \u5185\u5bb9\u5c42 - \u5728\u4e0a\u5c42 -->\n        <div class=\"content-layer\">\n            \n            \n            <h1 class=\"page_title category\">Marca Tianzhong<\/h1>\n      \n            <p class=\"description pa\">Descubra la potencia de TRC\u00ae y TAB\u00ae, las marcas de confianza de Tianzhong Machinery Technology para una alta calidad. <span><a href=\"https:\/\/www.tabautoparts.com\/truck-parts-category\/\">piezas para camiones<\/a><\/span>\u00a0y duradero <span><a href=\"https:\/\/www.tabautoparts.com\/undercarriage-part-category\/\">piezas del tren de rodaje para bulldozer y excavadora<\/a><\/span>. Dise\u00f1adas para ofrecer rendimiento y fiabilidad, nuestras soluciones est\u00e1ndar OEM dan soporte a clientes B2B globales con pedidos al por mayor y necesidades personalizadas. <span><a href=\"https:\/\/www.tabautoparts.com\/contact-us\/\">P\u00f3ngase en contacto con nosotros<\/a><\/span>\u00a0y obtener la lista de precios.<\/p>\n            <div class=\"cta-buttons\">\n                <a href=\"\/contact-us\/\" class=\"btn-primary\">Solicitar presupuesto<\/a>\n               \n            <\/div>\n        <\/div>\n    <\/div>\n\n\n\n<div class=\"path_bar\">\n        <div class=\"layout\" style=\"margin:0 auto\">\n            <ul>\n                <li><a href=\"\/\">Inicio<\/a><\/li>\n                <!--\u9762\u5305\u5c51-->\n               <li><a href=\"\">Marca<\/a><\/li>\n            <\/ul>\n        <\/div>\n    <\/div>\n\n\n<div class=\"wp-block-image layout mb mt3\">\n<figure class=\"aligncenter size-full\"><img loading=\"lazy\" decoding=\"async\" width=\"800\" height=\"224\" src=\"https:\/\/www.tabautoparts.com\/wp-content\/uploads\/2025\/09\/Fujian-Tianzhgng-Machinery-Technology-Co.-Ltd-1.webp\" alt=\"Fujian Tianzhong Machinery Technology Co. Ltd\" class=\"wp-image-5284\" srcset=\"https:\/\/www.tabautoparts.com\/wp-content\/uploads\/2025\/09\/Fujian-Tianzhgng-Machinery-Technology-Co.-Ltd-1.webp 800w, https:\/\/www.tabautoparts.com\/wp-content\/uploads\/2025\/09\/Fujian-Tianzhgng-Machinery-Technology-Co.-Ltd-1-300x84.webp 300w, https:\/\/www.tabautoparts.com\/wp-content\/uploads\/2025\/09\/Fujian-Tianzhgng-Machinery-Technology-Co.-Ltd-1-768x215.webp 768w, https:\/\/www.tabautoparts.com\/wp-content\/uploads\/2025\/09\/Fujian-Tianzhgng-Machinery-Technology-Co.-Ltd-1-18x5.webp 18w\" sizes=\"auto, (max-width: 800px) 100vw, 800px\" \/><\/figure><\/div>\n\n\n<div class=\"wp-block-columns layout mb is-layout-flex wp-container-core-columns-is-layout-1 wp-block-columns-is-layout-flex\">\n<div class=\"wp-block-column is-layout-flow wp-block-column-is-layout-flow\">\n<figure class=\"wp-block-image size-full\"><img loading=\"lazy\" decoding=\"async\" width=\"600\" height=\"848\" src=\"https:\/\/www.tabautoparts.com\/wp-content\/uploads\/2025\/09\/20191031135237_4800.webp\" alt=\"TRC\" class=\"wp-image-5283\" srcset=\"https:\/\/www.tabautoparts.com\/wp-content\/uploads\/2025\/09\/20191031135237_4800.webp 600w, https:\/\/www.tabautoparts.com\/wp-content\/uploads\/2025\/09\/20191031135237_4800-212x300.webp 212w, https:\/\/www.tabautoparts.com\/wp-content\/uploads\/2025\/09\/20191031135237_4800-8x12.webp 8w\" sizes=\"auto, (max-width: 600px) 100vw, 600px\" \/><\/figure>\n<\/div>\n\n\n\n<div class=\"wp-block-column is-layout-flow wp-block-column-is-layout-flow\">\n<figure class=\"wp-block-image size-full\"><img loading=\"lazy\" decoding=\"async\" width=\"600\" height=\"848\" src=\"https:\/\/www.tabautoparts.com\/wp-content\/uploads\/2025\/09\/20191031135225_0110.webp\" alt=\"TAB\" class=\"wp-image-5282\" srcset=\"https:\/\/www.tabautoparts.com\/wp-content\/uploads\/2025\/09\/20191031135225_0110.webp 600w, https:\/\/www.tabautoparts.com\/wp-content\/uploads\/2025\/09\/20191031135225_0110-212x300.webp 212w, https:\/\/www.tabautoparts.com\/wp-content\/uploads\/2025\/09\/20191031135225_0110-8x12.webp 8w\" sizes=\"auto, (max-width: 600px) 100vw, 600px\" \/><\/figure>\n<\/div>\n\n\n\n<div class=\"wp-block-column is-layout-flow wp-block-column-is-layout-flow\">\n<figure class=\"wp-block-image size-full\"><img loading=\"lazy\" decoding=\"async\" width=\"600\" height=\"848\" src=\"https:\/\/www.tabautoparts.com\/wp-content\/uploads\/2025\/09\/20191031135201_5080.webp\" alt=\"TRC\" class=\"wp-image-5281\" srcset=\"https:\/\/www.tabautoparts.com\/wp-content\/uploads\/2025\/09\/20191031135201_5080.webp 600w, https:\/\/www.tabautoparts.com\/wp-content\/uploads\/2025\/09\/20191031135201_5080-212x300.webp 212w, https:\/\/www.tabautoparts.com\/wp-content\/uploads\/2025\/09\/20191031135201_5080-8x12.webp 8w\" sizes=\"auto, (max-width: 600px) 100vw, 600px\" \/><\/figure>\n<\/div>\n<\/div>\n\n\n\n<div class=\"layout mb3\">\n    <div class=\"header_inquiry\"\n         style=\"display: flex; align-items: center; justify-content: center; height: 64vh; background-color: #f1f4f6; width: 100%;\">\n        <div id=\"header_inquiry-form\"\n             style=\"border:1px solid #bfbfbf; padding: 2em; padding-top:2.625em;width: 84%; background-color: #fff;\">\n            <div style=\"background-color: #013e5a; color: #fff; padding: 1em; border-radius: 5px; margin-bottom: 2em; text-align: center;\">\n                <h2 style=\"margin: 0; color: #fff;\">Deje su mensaje<\/h2>\n            <\/div>\n            <form id=\"header_inquiry-form-content\" action=\"#\" method=\"post\" style=\"color: #666;\" data-trp-original-action=\"#\">\n                <input type=\"text\" name=\"title\" id=\"name\" placeholder=\"*Nombre...\" required\n style=\"width: 100%; padding: 1em; margin-bottom: 1em; box-sizing: border-box;\">\n                <input type=\"email\" name=\"email\" id=\"email\"\n                       placeholder=\"*Correo electr\u00f3nico (le responderemos por correo electr\u00f3nico en 24 horas)\" required\n style=\"width: 100%; padding: 1em; margin-bottom: 1em; box-sizing: border-box;\">\n                <input type=\"text\" name=\"telephone\" id=\"phone\" placeholder=\"*Tel\u00e9fono\/WhatsApp\/WeChat (Muy importante)\"\n                       required style=\"width: 100%; padding: 1em; margin-bottom: 1em; box-sizing: border-box;\">\n                <textarea name=\"message\" id=\"details\" rows=\"4\"\n                          placeholder=\"Introduzca los detalles de la cabecera, como tama\u00f1o, color, materiales, etc., y otros requisitos espec\u00edficos para recibir un presupuesto preciso.\"\n                          style=\"width: 100%; padding: 1em; margin-bottom: 1em; box-sizing: border-box;\"><\/textarea>\n                <button id=\"send_form\" type=\"submit\"\n                        style=\"background-color: #f28808; color: #fff; padding: 1em 1.5em; border: none; border-radius: 3px; cursor: pointer; width: 100%;\">\n                    Enviar\n                <\/button>\n            <input type=\"hidden\" name=\"trp-form-language\" value=\"es\"\/><\/form>\n        <\/div>\n    <\/div>\n    \n\n\n<\/div>\n\n\n\n<style>\n.sh{\nmargin:30px auto\n\n}\n.mb{\nmargin-bottom:2%\n\n}\n.mt3{\nmargin-top:3%\n\n}\n.mb3{\nmargin-bottom:3%\n\n}\n\n\n<\/style>\n\n\n\n<style>\n@media screen and (max-width:981px){\n\n.h20{\nfont-size:20px!important\n\n}\n\n\n}\n<\/style>","protected":false},"excerpt":{"rendered":"<p>Marca Tianzhong Descubra el poder de TRC\u00ae y TAB\u00ae, las marcas de confianza de Tianzhong Machinery Technology para piezas de alta calidad para camiones y piezas duraderas para trenes de rodaje de bulldozers y excavadoras. Dise\u00f1adas para ofrecer rendimiento y fiabilidad, nuestras soluciones est\u00e1ndar OEM dan soporte a clientes B2B globales con pedidos al por mayor y necesidades personalizadas. P\u00f3ngase en contacto con nosotros y obtenga una lista de precios. Solicitar un presupuesto Inicio Marca<\/p>","protected":false},"author":1,"featured_media":0,"parent":0,"menu_order":0,"comment_status":"closed","ping_status":"closed","template":"","meta":{"footnotes":""},"class_list":["post-5146","page","type-page","status-publish","hentry"],"yoast_head":"<!-- This site is optimized with the Yoast SEO plugin v24.4 - https:\/\/yoast.com\/wordpress\/plugins\/seo\/ -->\n<title>Tianzhong Machinery \u2013 Innovative Truck &amp; Undercarriage Parts Manufacturer | TAB\u00ae &amp; TRC\u00ae<\/title>\n<meta name=\"description\" content=\"Tianzhong Machinery is a leading B2B manufacturer and exporter of durable truck and undercarriage parts. With 38+ years of expertise, we deliver OEM-quality components under TAB\u00ae &amp; TRC\u00ae brands for global distributors and fleets, combining innovation, reliability, and customization.\" \/>\n<meta name=\"robots\" content=\"index, follow, max-snippet:-1, max-image-preview:large, max-video-preview:-1\" \/>\n<link rel=\"canonical\" href=\"https:\/\/www.tabautoparts.com\/es\/brand\/\" \/>\n<meta property=\"og:locale\" content=\"es_ES\" \/>\n<meta property=\"og:type\" content=\"article\" \/>\n<meta property=\"og:title\" content=\"Tianzhong Machinery \u2013 Innovative Truck &amp; Undercarriage Parts Manufacturer | TAB\u00ae &amp; TRC\u00ae\" \/>\n<meta property=\"og:description\" content=\"Tianzhong Machinery is a leading B2B manufacturer and exporter of durable truck and undercarriage parts. With 38+ years of expertise, we deliver OEM-quality components under TAB\u00ae &amp; TRC\u00ae brands for global distributors and fleets, combining innovation, reliability, and customization.\" \/>\n<meta property=\"og:url\" content=\"https:\/\/www.tabautoparts.com\/es\/brand\/\" \/>\n<meta property=\"og:site_name\" content=\"Tianzhong Machinery\" \/>\n<meta property=\"article:modified_time\" content=\"2025-10-30T06:51:46+00:00\" \/>\n<meta property=\"og:image\" content=\"https:\/\/www.tabautoparts.com\/wp-content\/uploads\/2025\/09\/Fujian-Tianzhgng-Machinery-Technology-Co.-Ltd-1.webp\" \/>\n<meta name=\"twitter:card\" content=\"summary_large_image\" \/>\n<meta name=\"twitter:label1\" content=\"Est. reading time\" \/>\n\t<meta name=\"twitter:data1\" content=\"2 minutos\" \/>\n<script type=\"application\/ld+json\" class=\"yoast-schema-graph\">{\"@context\":\"https:\/\/schema.org\",\"@graph\":[{\"@type\":\"WebPage\",\"@id\":\"https:\/\/www.tabautoparts.com\/brand\/\",\"url\":\"https:\/\/www.tabautoparts.com\/brand\/\",\"name\":\"Tianzhong Machinery \u2013 Innovative Truck & Undercarriage Parts Manufacturer | TAB\u00ae & TRC\u00ae\",\"isPartOf\":{\"@id\":\"https:\/\/www.tabautoparts.com\/#website\"},\"primaryImageOfPage\":{\"@id\":\"https:\/\/www.tabautoparts.com\/brand\/#primaryimage\"},\"image\":{\"@id\":\"https:\/\/www.tabautoparts.com\/brand\/#primaryimage\"},\"thumbnailUrl\":\"https:\/\/www.tabautoparts.com\/wp-content\/uploads\/2025\/09\/Fujian-Tianzhgng-Machinery-Technology-Co.-Ltd-1.webp\",\"datePublished\":\"2025-09-05T03:29:20+00:00\",\"dateModified\":\"2025-10-30T06:51:46+00:00\",\"description\":\"Tianzhong Machinery is a leading B2B manufacturer and exporter of durable truck and undercarriage parts. With 38+ years of expertise, we deliver OEM-quality components under TAB\u00ae & TRC\u00ae brands for global distributors and fleets, combining innovation, reliability, and customization.\",\"breadcrumb\":{\"@id\":\"https:\/\/www.tabautoparts.com\/brand\/#breadcrumb\"},\"inLanguage\":\"es\",\"potentialAction\":[{\"@type\":\"ReadAction\",\"target\":[\"https:\/\/www.tabautoparts.com\/brand\/\"]}]},{\"@type\":\"ImageObject\",\"inLanguage\":\"es\",\"@id\":\"https:\/\/www.tabautoparts.com\/brand\/#primaryimage\",\"url\":\"https:\/\/www.tabautoparts.com\/wp-content\/uploads\/2025\/09\/Fujian-Tianzhgng-Machinery-Technology-Co.-Ltd-1.webp\",\"contentUrl\":\"https:\/\/www.tabautoparts.com\/wp-content\/uploads\/2025\/09\/Fujian-Tianzhgng-Machinery-Technology-Co.-Ltd-1.webp\"},{\"@type\":\"BreadcrumbList\",\"@id\":\"https:\/\/www.tabautoparts.com\/brand\/#breadcrumb\",\"itemListElement\":[{\"@type\":\"ListItem\",\"position\":1,\"name\":\"Home\",\"item\":\"https:\/\/www.tabautoparts.com\/\"},{\"@type\":\"ListItem\",\"position\":2,\"name\":\"Brand\"}]},{\"@type\":\"WebSite\",\"@id\":\"https:\/\/www.tabautoparts.com\/#website\",\"url\":\"https:\/\/www.tabautoparts.com\/\",\"name\":\"Tianzhong Machinery\",\"description\":\"Tianzhong Machinery\",\"publisher\":{\"@id\":\"https:\/\/www.tabautoparts.com\/#organization\"},\"potentialAction\":[{\"@type\":\"SearchAction\",\"target\":{\"@type\":\"EntryPoint\",\"urlTemplate\":\"https:\/\/www.tabautoparts.com\/?s={search_term_string}\"},\"query-input\":{\"@type\":\"PropertyValueSpecification\",\"valueRequired\":true,\"valueName\":\"search_term_string\"}}],\"inLanguage\":\"es\"},{\"@type\":\"Organization\",\"@id\":\"https:\/\/www.tabautoparts.com\/#organization\",\"name\":\"Fujian Tianzhong Machinery Technology Co., Ltd.\",\"url\":\"https:\/\/www.tabautoparts.com\/\",\"logo\":{\"@type\":\"ImageObject\",\"inLanguage\":\"es\",\"@id\":\"https:\/\/www.tabautoparts.com\/#\/schema\/logo\/image\/\",\"url\":\"https:\/\/www.tabautoparts.com\/wp-content\/uploads\/2025\/09\/Fujian-Tianzhgng-Machinery-Technology-Co.-Ltd-2.webp\",\"contentUrl\":\"https:\/\/www.tabautoparts.com\/wp-content\/uploads\/2025\/09\/Fujian-Tianzhgng-Machinery-Technology-Co.-Ltd-2.webp\",\"width\":500,\"height\":500,\"caption\":\"Fujian Tianzhong Machinery Technology Co., Ltd.\"},\"image\":{\"@id\":\"https:\/\/www.tabautoparts.com\/#\/schema\/logo\/image\/\"}}]}<\/script>\n<!-- \/ Yoast SEO plugin. -->","yoast_head_json":{"title":"Tianzhong Machinery \u2013 Innovative Truck & Undercarriage Parts Manufacturer | TAB\u00ae & TRC\u00ae","description":"Tianzhong Machinery is a leading B2B manufacturer and exporter of durable truck and undercarriage parts. With 38+ years of expertise, we deliver OEM-quality components under TAB\u00ae & TRC\u00ae brands for global distributors and fleets, combining innovation, reliability, and customization.","robots":{"index":"index","follow":"follow","max-snippet":"max-snippet:-1","max-image-preview":"max-image-preview:large","max-video-preview":"max-video-preview:-1"},"canonical":"https:\/\/www.tabautoparts.com\/es\/brand\/","og_locale":"es_ES","og_type":"article","og_title":"Tianzhong Machinery \u2013 Innovative Truck & Undercarriage Parts Manufacturer | TAB\u00ae & TRC\u00ae","og_description":"Tianzhong Machinery is a leading B2B manufacturer and exporter of durable truck and undercarriage parts. With 38+ years of expertise, we deliver OEM-quality components under TAB\u00ae & TRC\u00ae brands for global distributors and fleets, combining innovation, reliability, and customization.","og_url":"https:\/\/www.tabautoparts.com\/es\/brand\/","og_site_name":"Tianzhong Machinery","article_modified_time":"2025-10-30T06:51:46+00:00","og_image":[{"url":"https:\/\/www.tabautoparts.com\/wp-content\/uploads\/2025\/09\/Fujian-Tianzhgng-Machinery-Technology-Co.-Ltd-1.webp","type":"","width":"","height":""}],"twitter_card":"summary_large_image","twitter_misc":{"Est. reading time":"2 minutos"},"schema":{"@context":"https:\/\/schema.org","@graph":[{"@type":"WebPage","@id":"https:\/\/www.tabautoparts.com\/brand\/","url":"https:\/\/www.tabautoparts.com\/brand\/","name":"Tianzhong Machinery \u2013 Innovative Truck & Undercarriage Parts Manufacturer | TAB\u00ae & TRC\u00ae","isPartOf":{"@id":"https:\/\/www.tabautoparts.com\/#website"},"primaryImageOfPage":{"@id":"https:\/\/www.tabautoparts.com\/brand\/#primaryimage"},"image":{"@id":"https:\/\/www.tabautoparts.com\/brand\/#primaryimage"},"thumbnailUrl":"https:\/\/www.tabautoparts.com\/wp-content\/uploads\/2025\/09\/Fujian-Tianzhgng-Machinery-Technology-Co.-Ltd-1.webp","datePublished":"2025-09-05T03:29:20+00:00","dateModified":"2025-10-30T06:51:46+00:00","description":"Tianzhong Machinery is a leading B2B manufacturer and exporter of durable truck and undercarriage parts. With 38+ years of expertise, we deliver OEM-quality components under TAB\u00ae & TRC\u00ae brands for global distributors and fleets, combining innovation, reliability, and customization.","breadcrumb":{"@id":"https:\/\/www.tabautoparts.com\/brand\/#breadcrumb"},"inLanguage":"es","potentialAction":[{"@type":"ReadAction","target":["https:\/\/www.tabautoparts.com\/brand\/"]}]},{"@type":"ImageObject","inLanguage":"es","@id":"https:\/\/www.tabautoparts.com\/brand\/#primaryimage","url":"https:\/\/www.tabautoparts.com\/wp-content\/uploads\/2025\/09\/Fujian-Tianzhgng-Machinery-Technology-Co.-Ltd-1.webp","contentUrl":"https:\/\/www.tabautoparts.com\/wp-content\/uploads\/2025\/09\/Fujian-Tianzhgng-Machinery-Technology-Co.-Ltd-1.webp"},{"@type":"BreadcrumbList","@id":"https:\/\/www.tabautoparts.com\/brand\/#breadcrumb","itemListElement":[{"@type":"ListItem","position":1,"name":"Home","item":"https:\/\/www.tabautoparts.com\/"},{"@type":"ListItem","position":2,"name":"Brand"}]},{"@type":"WebSite","@id":"https:\/\/www.tabautoparts.com\/#website","url":"https:\/\/www.tabautoparts.com\/","name":"Tianzhong Machinery","description":"Tianzhong Machinery","publisher":{"@id":"https:\/\/www.tabautoparts.com\/#organization"},"potentialAction":[{"@type":"SearchAction","target":{"@type":"EntryPoint","urlTemplate":"https:\/\/www.tabautoparts.com\/?s={search_term_string}"},"query-input":{"@type":"PropertyValueSpecification","valueRequired":true,"valueName":"search_term_string"}}],"inLanguage":"es"},{"@type":"Organization","@id":"https:\/\/www.tabautoparts.com\/#organization","name":"Fujian Tianzhong Machinery Technology Co., Ltd.","url":"https:\/\/www.tabautoparts.com\/","logo":{"@type":"ImageObject","inLanguage":"es","@id":"https:\/\/www.tabautoparts.com\/#\/schema\/logo\/image\/","url":"https:\/\/www.tabautoparts.com\/wp-content\/uploads\/2025\/09\/Fujian-Tianzhgng-Machinery-Technology-Co.-Ltd-2.webp","contentUrl":"https:\/\/www.tabautoparts.com\/wp-content\/uploads\/2025\/09\/Fujian-Tianzhgng-Machinery-Technology-Co.-Ltd-2.webp","width":500,"height":500,"caption":"Fujian Tianzhong Machinery Technology Co., Ltd."},"image":{"@id":"https:\/\/www.tabautoparts.com\/#\/schema\/logo\/image\/"}}]}},"_links":{"self":[{"href":"https:\/\/www.tabautoparts.com\/es\/wp-json\/wp\/v2\/pages\/5146","targetHints":{"allow":["GET"]}}],"collection":[{"href":"https:\/\/www.tabautoparts.com\/es\/wp-json\/wp\/v2\/pages"}],"about":[{"href":"https:\/\/www.tabautoparts.com\/es\/wp-json\/wp\/v2\/types\/page"}],"author":[{"embeddable":true,"href":"https:\/\/www.tabautoparts.com\/es\/wp-json\/wp\/v2\/users\/1"}],"replies":[{"embeddable":true,"href":"https:\/\/www.tabautoparts.com\/es\/wp-json\/wp\/v2\/comments?post=5146"}],"version-history":[{"count":17,"href":"https:\/\/www.tabautoparts.com\/es\/wp-json\/wp\/v2\/pages\/5146\/revisions"}],"predecessor-version":[{"id":5790,"href":"https:\/\/www.tabautoparts.com\/es\/wp-json\/wp\/v2\/pages\/5146\/revisions\/5790"}],"wp:attachment":[{"href":"https:\/\/www.tabautoparts.com\/es\/wp-json\/wp\/v2\/media?parent=5146"}],"curies":[{"name":"wp","href":"https:\/\/api.w.org\/{rel}","templated":true}]}}