{"id":5148,"date":"2025-09-05T03:29:50","date_gmt":"2025-09-05T03:29:50","guid":{"rendered":"https:\/\/www.tabautoparts.com\/?page_id=5148"},"modified":"2025-10-29T05:52:01","modified_gmt":"2025-10-29T05:52:01","slug":"video","status":"publish","type":"page","link":"https:\/\/www.tabautoparts.com\/pt\/video\/","title":{"rendered":"V\u00eddeo"},"content":{"rendered":"<!--\u9875\u9762banner-->\n<div class=\"container2\">\n        <!-- \u56fe\u7247\u5c42 - \u5728\u5e95\u5c42 -->\n        <div class=\"image-layer\">\n            <img decoding=\"async\" src=\"\/wp-content\/uploads\/2025\/09\/gs-1.webp\" alt=\"Fabricante de pe\u00e7as para cami\u00f5es e pe\u00e7as de material rodante Tianzhong\">\n        <\/div>\n        \n        <!-- \u5185\u5bb9\u5c42 - \u5728\u4e0a\u5c42 -->\n        <div class=\"content-layer\">\n            \n            \n            <h1 class=\"page_title category\">V\u00eddeo<\/h1>\n         \n            <p class=\"description pa\">Explore a Tianzhong Machinery Technology atrav\u00e9s dos nossos v\u00eddeos, que mostram <span><a href=\"https:\/\/www.tabautoparts.com\/engine-mounting-category\/\">montagem do motor<\/a><\/span>, <span><a href=\"https:\/\/www.tabautoparts.com\/copper-bush-category\/\">bucha de cobre<\/a><\/span>, <span><a href=\"https:\/\/www.tabautoparts.com\/torque-rod-bush-category\/\">bucha da barra de tor\u00e7\u00e3o<\/a><\/span>,<span><a href=\"https:\/\/www.tabautoparts.com\/track-roller-category\/\">\u00a0rolo de lagartas<\/a><\/span>, <span><a href=\"https:\/\/www.tabautoparts.com\/track-roller-category\/\">rolo superior<\/a><\/span>\u00a0e <span><a href=\"https:\/\/www.tabautoparts.com\/track-link-assy-category\/\">conjunto de liga\u00e7\u00e3o da via<\/a><\/span>\u00a0processos de fabrico avan\u00e7ados e solu\u00e7\u00f5es profissionais para clientes B2B globais.<\/p>\n            <div class=\"cta-buttons\">\n                <a href=\"\/contact-us\/\" class=\"btn-primary\">Pedir um or\u00e7amento<\/a>\n               \n            <\/div>\n        <\/div>\n    <\/div>\n\n\n\n<div class=\"path_bar\">\n        <div class=\"layout\" style=\"margin:0 auto\">\n            <ul>\n                <li><a href=\"\/\">In\u00edcio<\/a><\/li>\n                <!--\u9762\u5305\u5c51-->\n               <li><a href=\"\">Empresa<\/a><\/li>\n            <\/ul>\n        <\/div>\n    <\/div>\n\n\n\n<div class=\"layout mb3 mt3\">\n      <div class=\"video-player\">\n            <div class=\"thumbnail-container\" id=\"thumbnailContainer\">\n                <img decoding=\"async\" src=\"\/wp-content\/uploads\/2025\/09\/bg.webp\" alt=\"v\u00eddeo\" class=\"thumbnail\">\n                <div class=\"play-button\">\n                    <div class=\"play-icon\"><\/div>\n                <\/div>\n            <\/div>\n            \n            <div class=\"video-container\" id=\"videoContainer\">\n                <video controls id=\"videoPlayer\">\n                    <!-- \u5b9e\u9645\u4f7f\u7528\u65f6\u66ff\u6362\u4e3a\u60a8\u7684\u89c6\u9891\u5730\u5740 -->\n                    <source src=\"\/wp-content\/uploads\/2025\/09\/20191031140725_3010.mp4\">\n                    \n                <\/video>\n                \n               \n            <\/div>\n        <\/div>\n        \n     \n    <\/div>\n\n\n\n<style>\n   .video-player {\n            width: 100%;\n            border-radius: 5px;\n            overflow: hidden;\n            box-shadow: 0 10px 30px rgba(0, 0, 0, 0.25);\n            position: relative;\n            background: #000;\n        }\n        \n        .thumbnail-container {\n            position: relative;\n            cursor: pointer;\n            width: 100%;\n            padding-top: 54.25%; \/* 16:9 \u5bbd\u9ad8\u6bd4 *\/\n            overflow: hidden;\n        }\n        \n        .thumbnail {\n            position: absolute;\n            top: 0;\n            left: 0;\n            width: 100%;\n            height: 100%;\n            object-fit: cover;\n            transition: transform 0.3s ease;\n        }\n        \n        .thumbnail-container:hover .thumbnail {\n            transform: scale(1.05);\n        }\n        \n        .play-button {\n            position: absolute;\n            top: 50%;\n            left: 50%;\n            transform: translate(-50%, -50%);\n            width: 80px;\n            height: 80px;\n            background: rgba(255, 255, 255, 0.9);\n            border-radius: 50%;\n            display: flex;\n            justify-content: center;\n            align-items: center;\n            transition: all 0.3s ease;\n            box-shadow: 0 5px 15px rgba(0, 0, 0, 0.2);\n        }\n        \n        .play-button:hover {\n            background: rgba(255, 255, 255, 1);\n            transform: translate(-50%, -50%) scale(1.1);\n        }\n        \n        \/* \u4f7f\u7528\u7eafCSS\u521b\u5efa\u64ad\u653e\u56fe\u6807 *\/\n        .play-icon {\n            width: 0;\n            height: 0;\n            border-top: 15px solid transparent;\n            border-bottom: 15px solid transparent;\n            border-left: 25px solid #ff5101;\n            margin-left: 8px;\n        }\n        \n        .video-container {\n            display: none;\n            width: 100%;\n            position: relative;\n        }\n        \n        video {\n            width: 100%;\n            display: block;\n            outline: none;\n        }\n        \n        .video-info {\n            color: white;\n            text-align: left;\n            padding: 20px;\n            background: rgba(0, 0, 0, 0.7);\n            border-radius: 0 0 15px 15px;\n        }\n        \n        .video-title {\n            font-size: 22px;\n            margin-bottom: 10px;\n        }\n        \n        .video-description {\n            font-size: 16px;\n            line-height: 1.5;\n            color: #ddd;\n        }\n        \n        .instructions {\n            color: white;\n            margin-top: 30px;\n            padding: 15px;\n            background: rgba(255, 255, 255, 0.1);\n            border-radius: 10px;\n            text-align: center;\n        }\n        \n        @media (max-width: 768px) {\n            .play-button {\n                width: 60px;\n                height: 60px;\n            }\n            \n            .play-icon {\n                border-top: 12px solid transparent;\n                border-bottom: 12px solid transparent;\n                border-left: 20px solid #ff5101;\n                margin-left: 6px;\n            }\n            \n            .video-title {\n                font-size: 18px;\n            }\n            \n            .video-description {\n                font-size: 14px;\n            }\n        }\n    <\/style>\n\n\n\n<script>\n        document.addEventListener('DOMContentLoaded', function() {\n            const thumbnailContainer = document.getElementById('thumbnailContainer');\n            const videoContainer = document.getElementById('videoContainer');\n            const videoPlayer = document.getElementById('videoPlayer');\n            \n            \/\/ \u70b9\u51fb\u5c01\u9762\u52a0\u8f7d\u89c6\u9891\n            thumbnailContainer.addEventListener('click', function() {\n                \/\/ \u9690\u85cf\u5c01\u9762\uff0c\u663e\u793a\u89c6\u9891\n                thumbnailContainer.style.display = 'none';\n                videoContainer.style.display = 'block';\n                \n                \/\/ \u5ef6\u8fdf\u52a0\u8f7d\u89c6\u9891\uff0c\u786e\u4fdd\u8fc7\u6e21\u6548\u679c\u5b8c\u6210\n                setTimeout(function() {\n                    videoPlayer.load();\n                    videoPlayer.play().catch(e => {\n                        console.log('\u81ea\u52a8\u64ad\u653e\u53d7\u963b\uff0c\u9700\u8981\u7528\u6237\u4ea4\u4e92', e);\n                    });\n                }, 300);\n            });\n            \n            \/\/ \u6dfb\u52a0\u952e\u76d8\u652f\u6301\uff1a\u6309\u7a7a\u683c\u952e\u4e5f\u53ef\u4ee5\u89e6\u53d1\u64ad\u653e\n            document.addEventListener('keydown', function(e) {\n                if (e.code === 'Space' && thumbnailContainer.style.display !== 'none') {\n                    e.preventDefault();\n                    thumbnailContainer.click();\n                }\n            });\n        });\n    <\/script>\n\n\n\n<div class=\"layout mb3\">\n    <div class=\"header_inquiry\"\n         style=\"display: flex; align-items: center; justify-content: center; height: 64vh; background-color: #f1f4f6; width: 100%;\">\n        <div id=\"header_inquiry-form\"\n             style=\"border:1px solid #bfbfbf; padding: 2em; padding-top:2.625em;width: 84%; background-color: #fff;\">\n            <div style=\"background-color: #013e5a; color: #fff; padding: 1em; border-radius: 5px; margin-bottom: 2em; text-align: center;\">\n                <h2 style=\"margin: 0; color: #fff;\">Deixe a sua mensagem<\/h2>\n            <\/div>\n            <form id=\"header_inquiry-form-content\" action=\"#\" method=\"post\" style=\"color: #666;\" data-trp-original-action=\"#\">\n                <input type=\"text\" name=\"title\" id=\"name\" placeholder=\"*Nome...\" required\n style=\"width: 100%; padding: 1em; margin-bottom: 1em; box-sizing: border-box;\">\n                <input type=\"email\" name=\"email\" id=\"email\"\n                       placeholder=\"*E-mail (Responderemos por e-mail em 24 horas)\" required\n style=\"width: 100%; padding: 1em; margin-bottom: 1em; box-sizing: border-box;\">\n                <input type=\"text\" name=\"telephone\" id=\"phone\" placeholder=\"*Telefone\/WhatsApp\/WeChat (muito importante)\"\n                       required style=\"width: 100%; padding: 1em; margin-bottom: 1em; box-sizing: border-box;\">\n                <textarea name=\"message\" id=\"details\" rows=\"4\"\n                          placeholder=\"Introduza os detalhes do cabe\u00e7alho, como o tamanho, a cor, os materiais, etc., e outros requisitos espec\u00edficos para receber um or\u00e7amento exato.\"\n                          style=\"width: 100%; padding: 1em; margin-bottom: 1em; box-sizing: border-box;\"><\/textarea>\n                <button id=\"send_form\" type=\"submit\"\n                        style=\"background-color: #f28808; color: #fff; padding: 1em 1.5em; border: none; border-radius: 3px; cursor: pointer; width: 100%;\">\n                    Enviar\n                <\/button>\n            <input type=\"hidden\" name=\"trp-form-language\" value=\"pt\"\/><\/form>\n        <\/div>\n    <\/div>\n    \n\n\n<\/div>\n\n\n\n<style>\n.sh{\nmargin:30px auto\n\n}\n.mt3{\nmargin-top:3%\n\n}\n.mb{\nmargin-bottom:2%\n\n}\n\n.mb3{\nmargin-bottom:3%\n\n}\n\n\n<\/style>\n\n\n\n<style>\n@media screen and (max-width:981px){\n\n.h20{\nfont-size:20px!important\n\n}\n\n\n}\n<\/style>","protected":false},"excerpt":{"rendered":"<p>V\u00eddeo Explore a Tianzhong Machinery Technology atrav\u00e9s dos nossos v\u00eddeos, apresentando os processos de fabrico avan\u00e7ados de montagem no motor, casquilho de cobre, casquilho de barra de bin\u00e1rio, rolo de lagartas, rolo superior e conjunto de liga\u00e7\u00e3o de lagartas e solu\u00e7\u00f5es profissionais para clientes B2B globais. Pedir um or\u00e7amento In\u00edcio Empresa<\/p>","protected":false},"author":1,"featured_media":0,"parent":0,"menu_order":0,"comment_status":"closed","ping_status":"closed","template":"","meta":{"footnotes":""},"class_list":["post-5148","page","type-page","status-publish","hentry"],"yoast_head":"<!-- This site is optimized with the Yoast SEO plugin v24.4 - https:\/\/yoast.com\/wordpress\/plugins\/seo\/ -->\n<title>Tianzhong Machinery \u2013 Innovative Truck &amp; Undercarriage Parts Manufacturer | TAB\u00ae &amp; TRC\u00ae<\/title>\n<meta name=\"description\" content=\"Tianzhong Machinery is a leading B2B manufacturer and exporter of durable truck and undercarriage parts. With 38+ years of expertise, we deliver OEM-quality components under TAB\u00ae &amp; TRC\u00ae brands for global distributors and fleets, combining innovation, reliability, and customization.\" \/>\n<meta name=\"robots\" content=\"index, follow, max-snippet:-1, max-image-preview:large, max-video-preview:-1\" \/>\n<link rel=\"canonical\" href=\"https:\/\/www.tabautoparts.com\/pt\/video\/\" \/>\n<meta property=\"og:locale\" content=\"pt_PT\" \/>\n<meta property=\"og:type\" content=\"article\" \/>\n<meta property=\"og:title\" content=\"Tianzhong Machinery \u2013 Innovative Truck &amp; Undercarriage Parts Manufacturer | TAB\u00ae &amp; TRC\u00ae\" \/>\n<meta property=\"og:description\" content=\"Tianzhong Machinery is a leading B2B manufacturer and exporter of durable truck and undercarriage parts. With 38+ years of expertise, we deliver OEM-quality components under TAB\u00ae &amp; TRC\u00ae brands for global distributors and fleets, combining innovation, reliability, and customization.\" \/>\n<meta property=\"og:url\" content=\"https:\/\/www.tabautoparts.com\/pt\/video\/\" \/>\n<meta property=\"og:site_name\" content=\"Tianzhong Machinery\" \/>\n<meta property=\"article:modified_time\" content=\"2025-10-29T05:52:01+00:00\" \/>\n<meta name=\"twitter:card\" content=\"summary_large_image\" \/>\n<meta name=\"twitter:label1\" content=\"Est. reading time\" \/>\n\t<meta name=\"twitter:data1\" content=\"1 minuto\" \/>\n<script type=\"application\/ld+json\" class=\"yoast-schema-graph\">{\"@context\":\"https:\/\/schema.org\",\"@graph\":[{\"@type\":\"WebPage\",\"@id\":\"https:\/\/www.tabautoparts.com\/video\/\",\"url\":\"https:\/\/www.tabautoparts.com\/video\/\",\"name\":\"Tianzhong Machinery \u2013 Innovative Truck & Undercarriage Parts Manufacturer | TAB\u00ae & TRC\u00ae\",\"isPartOf\":{\"@id\":\"https:\/\/www.tabautoparts.com\/#website\"},\"datePublished\":\"2025-09-05T03:29:50+00:00\",\"dateModified\":\"2025-10-29T05:52:01+00:00\",\"description\":\"Tianzhong Machinery is a leading B2B manufacturer and exporter of durable truck and undercarriage parts. With 38+ years of expertise, we deliver OEM-quality components under TAB\u00ae & TRC\u00ae brands for global distributors and fleets, combining innovation, reliability, and customization.\",\"breadcrumb\":{\"@id\":\"https:\/\/www.tabautoparts.com\/video\/#breadcrumb\"},\"inLanguage\":\"pt-PT\",\"potentialAction\":[{\"@type\":\"ReadAction\",\"target\":[\"https:\/\/www.tabautoparts.com\/video\/\"]}]},{\"@type\":\"BreadcrumbList\",\"@id\":\"https:\/\/www.tabautoparts.com\/video\/#breadcrumb\",\"itemListElement\":[{\"@type\":\"ListItem\",\"position\":1,\"name\":\"Home\",\"item\":\"https:\/\/www.tabautoparts.com\/\"},{\"@type\":\"ListItem\",\"position\":2,\"name\":\"Video\"}]},{\"@type\":\"WebSite\",\"@id\":\"https:\/\/www.tabautoparts.com\/#website\",\"url\":\"https:\/\/www.tabautoparts.com\/\",\"name\":\"Tianzhong Machinery\",\"description\":\"Tianzhong Machinery\",\"publisher\":{\"@id\":\"https:\/\/www.tabautoparts.com\/#organization\"},\"potentialAction\":[{\"@type\":\"SearchAction\",\"target\":{\"@type\":\"EntryPoint\",\"urlTemplate\":\"https:\/\/www.tabautoparts.com\/?s={search_term_string}\"},\"query-input\":{\"@type\":\"PropertyValueSpecification\",\"valueRequired\":true,\"valueName\":\"search_term_string\"}}],\"inLanguage\":\"pt-PT\"},{\"@type\":\"Organization\",\"@id\":\"https:\/\/www.tabautoparts.com\/#organization\",\"name\":\"Fujian Tianzhong Machinery Technology Co., Ltd.\",\"url\":\"https:\/\/www.tabautoparts.com\/\",\"logo\":{\"@type\":\"ImageObject\",\"inLanguage\":\"pt-PT\",\"@id\":\"https:\/\/www.tabautoparts.com\/#\/schema\/logo\/image\/\",\"url\":\"https:\/\/www.tabautoparts.com\/wp-content\/uploads\/2025\/09\/Fujian-Tianzhgng-Machinery-Technology-Co.-Ltd-2.webp\",\"contentUrl\":\"https:\/\/www.tabautoparts.com\/wp-content\/uploads\/2025\/09\/Fujian-Tianzhgng-Machinery-Technology-Co.-Ltd-2.webp\",\"width\":500,\"height\":500,\"caption\":\"Fujian Tianzhong Machinery Technology Co., Ltd.\"},\"image\":{\"@id\":\"https:\/\/www.tabautoparts.com\/#\/schema\/logo\/image\/\"}}]}<\/script>\n<!-- \/ Yoast SEO plugin. -->","yoast_head_json":{"title":"Tianzhong Machinery \u2013 Innovative Truck & Undercarriage Parts Manufacturer | TAB\u00ae & TRC\u00ae","description":"Tianzhong Machinery is a leading B2B manufacturer and exporter of durable truck and undercarriage parts. With 38+ years of expertise, we deliver OEM-quality components under TAB\u00ae & TRC\u00ae brands for global distributors and fleets, combining innovation, reliability, and customization.","robots":{"index":"index","follow":"follow","max-snippet":"max-snippet:-1","max-image-preview":"max-image-preview:large","max-video-preview":"max-video-preview:-1"},"canonical":"https:\/\/www.tabautoparts.com\/pt\/video\/","og_locale":"pt_PT","og_type":"article","og_title":"Tianzhong Machinery \u2013 Innovative Truck & Undercarriage Parts Manufacturer | TAB\u00ae & TRC\u00ae","og_description":"Tianzhong Machinery is a leading B2B manufacturer and exporter of durable truck and undercarriage parts. With 38+ years of expertise, we deliver OEM-quality components under TAB\u00ae & TRC\u00ae brands for global distributors and fleets, combining innovation, reliability, and customization.","og_url":"https:\/\/www.tabautoparts.com\/pt\/video\/","og_site_name":"Tianzhong Machinery","article_modified_time":"2025-10-29T05:52:01+00:00","twitter_card":"summary_large_image","twitter_misc":{"Est. reading time":"1 minuto"},"schema":{"@context":"https:\/\/schema.org","@graph":[{"@type":"WebPage","@id":"https:\/\/www.tabautoparts.com\/video\/","url":"https:\/\/www.tabautoparts.com\/video\/","name":"Tianzhong Machinery \u2013 Innovative Truck & Undercarriage Parts Manufacturer | TAB\u00ae & TRC\u00ae","isPartOf":{"@id":"https:\/\/www.tabautoparts.com\/#website"},"datePublished":"2025-09-05T03:29:50+00:00","dateModified":"2025-10-29T05:52:01+00:00","description":"Tianzhong Machinery is a leading B2B manufacturer and exporter of durable truck and undercarriage parts. With 38+ years of expertise, we deliver OEM-quality components under TAB\u00ae & TRC\u00ae brands for global distributors and fleets, combining innovation, reliability, and customization.","breadcrumb":{"@id":"https:\/\/www.tabautoparts.com\/video\/#breadcrumb"},"inLanguage":"pt-PT","potentialAction":[{"@type":"ReadAction","target":["https:\/\/www.tabautoparts.com\/video\/"]}]},{"@type":"BreadcrumbList","@id":"https:\/\/www.tabautoparts.com\/video\/#breadcrumb","itemListElement":[{"@type":"ListItem","position":1,"name":"Home","item":"https:\/\/www.tabautoparts.com\/"},{"@type":"ListItem","position":2,"name":"Video"}]},{"@type":"WebSite","@id":"https:\/\/www.tabautoparts.com\/#website","url":"https:\/\/www.tabautoparts.com\/","name":"Tianzhong Machinery","description":"Tianzhong Machinery","publisher":{"@id":"https:\/\/www.tabautoparts.com\/#organization"},"potentialAction":[{"@type":"SearchAction","target":{"@type":"EntryPoint","urlTemplate":"https:\/\/www.tabautoparts.com\/?s={search_term_string}"},"query-input":{"@type":"PropertyValueSpecification","valueRequired":true,"valueName":"search_term_string"}}],"inLanguage":"pt-PT"},{"@type":"Organization","@id":"https:\/\/www.tabautoparts.com\/#organization","name":"Fujian Tianzhong Machinery Technology Co., Ltd.","url":"https:\/\/www.tabautoparts.com\/","logo":{"@type":"ImageObject","inLanguage":"pt-PT","@id":"https:\/\/www.tabautoparts.com\/#\/schema\/logo\/image\/","url":"https:\/\/www.tabautoparts.com\/wp-content\/uploads\/2025\/09\/Fujian-Tianzhgng-Machinery-Technology-Co.-Ltd-2.webp","contentUrl":"https:\/\/www.tabautoparts.com\/wp-content\/uploads\/2025\/09\/Fujian-Tianzhgng-Machinery-Technology-Co.-Ltd-2.webp","width":500,"height":500,"caption":"Fujian Tianzhong Machinery Technology Co., Ltd."},"image":{"@id":"https:\/\/www.tabautoparts.com\/#\/schema\/logo\/image\/"}}]}},"_links":{"self":[{"href":"https:\/\/www.tabautoparts.com\/pt\/wp-json\/wp\/v2\/pages\/5148","targetHints":{"allow":["GET"]}}],"collection":[{"href":"https:\/\/www.tabautoparts.com\/pt\/wp-json\/wp\/v2\/pages"}],"about":[{"href":"https:\/\/www.tabautoparts.com\/pt\/wp-json\/wp\/v2\/types\/page"}],"author":[{"embeddable":true,"href":"https:\/\/www.tabautoparts.com\/pt\/wp-json\/wp\/v2\/users\/1"}],"replies":[{"embeddable":true,"href":"https:\/\/www.tabautoparts.com\/pt\/wp-json\/wp\/v2\/comments?post=5148"}],"version-history":[{"count":21,"href":"https:\/\/www.tabautoparts.com\/pt\/wp-json\/wp\/v2\/pages\/5148\/revisions"}],"predecessor-version":[{"id":5747,"href":"https:\/\/www.tabautoparts.com\/pt\/wp-json\/wp\/v2\/pages\/5148\/revisions\/5747"}],"wp:attachment":[{"href":"https:\/\/www.tabautoparts.com\/pt\/wp-json\/wp\/v2\/media?parent=5148"}],"curies":[{"name":"wp","href":"https:\/\/api.w.org\/{rel}","templated":true}]}}