{"id":6,"date":"2025-02-06T08:43:45","date_gmt":"2025-02-06T08:43:45","guid":{"rendered":"https:\/\/www.tlheatpress.com:8182\/news\/"},"modified":"2025-07-03T03:57:03","modified_gmt":"2025-07-03T03:57:03","slug":"news","status":"publish","type":"page","link":"https:\/\/www.tabautoparts.com\/pt\/news\/","title":{"rendered":"Not\u00edcias"},"content":{"rendered":"<p>Este \u00e9 o conte\u00fado da p\u00e1gina do artigo.<\/p>","protected":false},"excerpt":{"rendered":"<p>Este \u00e9 o conte\u00fado da p\u00e1gina do artigo.<\/p>","protected":false},"author":1,"featured_media":0,"parent":0,"menu_order":0,"comment_status":"closed","ping_status":"closed","template":"category.php","meta":{"footnotes":""},"class_list":["post-6","page","type-page","status-publish","hentry"],"yoast_head":"<!-- This site is optimized with the Yoast SEO plugin v24.4 - https:\/\/yoast.com\/wordpress\/plugins\/seo\/ -->\n<title>Tianzhong Machinery \u2013 Innovative Truck &amp; Undercarriage Parts Manufacturer | TAB\u00ae &amp; TRC\u00ae<\/title>\n<meta name=\"description\" content=\"Tianzhong Machinery is a leading B2B manufacturer and exporter of durable truck and undercarriage parts. With 38+ years of expertise, we deliver OEM-quality components under TAB\u00ae &amp; TRC\u00ae brands for global distributors and fleets, combining innovation, reliability, and customization.\" \/>\n<meta name=\"robots\" content=\"index, follow, max-snippet:-1, max-image-preview:large, max-video-preview:-1\" \/>\n<link rel=\"canonical\" href=\"https:\/\/www.tabautoparts.com\/pt\/news\/\" \/>\n<meta property=\"og:locale\" content=\"pt_PT\" \/>\n<meta property=\"og:type\" content=\"article\" \/>\n<meta property=\"og:title\" content=\"Tianzhong Machinery \u2013 Innovative Truck &amp; Undercarriage Parts Manufacturer | TAB\u00ae &amp; TRC\u00ae\" \/>\n<meta property=\"og:description\" content=\"Tianzhong Machinery is a leading B2B manufacturer and exporter of durable truck and undercarriage parts. With 38+ years of expertise, we deliver OEM-quality components under TAB\u00ae &amp; TRC\u00ae brands for global distributors and fleets, combining innovation, reliability, and customization.\" \/>\n<meta property=\"og:url\" content=\"https:\/\/www.tabautoparts.com\/pt\/news\/\" \/>\n<meta property=\"og:site_name\" content=\"Tianzhong Machinery\" \/>\n<meta property=\"article:modified_time\" content=\"2025-07-03T03:57:03+00:00\" \/>\n<meta name=\"twitter:card\" content=\"summary_large_image\" \/>\n<script type=\"application\/ld+json\" class=\"yoast-schema-graph\">{\"@context\":\"https:\/\/schema.org\",\"@graph\":[{\"@type\":\"WebPage\",\"@id\":\"https:\/\/www.tabautoparts.com\/news\/\",\"url\":\"https:\/\/www.tabautoparts.com\/news\/\",\"name\":\"Tianzhong Machinery \u2013 Innovative Truck & Undercarriage Parts Manufacturer | TAB\u00ae & TRC\u00ae\",\"isPartOf\":{\"@id\":\"https:\/\/www.tabautoparts.com\/#website\"},\"datePublished\":\"2025-02-06T08:43:45+00:00\",\"dateModified\":\"2025-07-03T03:57:03+00:00\",\"description\":\"Tianzhong Machinery is a leading B2B manufacturer and exporter of durable truck and undercarriage parts. With 38+ years of expertise, we deliver OEM-quality components under TAB\u00ae & TRC\u00ae brands for global distributors and fleets, combining innovation, reliability, and customization.\",\"breadcrumb\":{\"@id\":\"https:\/\/www.tabautoparts.com\/news\/#breadcrumb\"},\"inLanguage\":\"pt-PT\",\"potentialAction\":[{\"@type\":\"ReadAction\",\"target\":[\"https:\/\/www.tabautoparts.com\/news\/\"]}]},{\"@type\":\"BreadcrumbList\",\"@id\":\"https:\/\/www.tabautoparts.com\/news\/#breadcrumb\",\"itemListElement\":[{\"@type\":\"ListItem\",\"position\":1,\"name\":\"Home\",\"item\":\"https:\/\/www.tabautoparts.com\/\"},{\"@type\":\"ListItem\",\"position\":2,\"name\":\"News\"}]},{\"@type\":\"WebSite\",\"@id\":\"https:\/\/www.tabautoparts.com\/#website\",\"url\":\"https:\/\/www.tabautoparts.com\/\",\"name\":\"Tianzhong Machinery\",\"description\":\"Tianzhong Machinery\",\"publisher\":{\"@id\":\"https:\/\/www.tabautoparts.com\/#organization\"},\"potentialAction\":[{\"@type\":\"SearchAction\",\"target\":{\"@type\":\"EntryPoint\",\"urlTemplate\":\"https:\/\/www.tabautoparts.com\/?s={search_term_string}\"},\"query-input\":{\"@type\":\"PropertyValueSpecification\",\"valueRequired\":true,\"valueName\":\"search_term_string\"}}],\"inLanguage\":\"pt-PT\"},{\"@type\":\"Organization\",\"@id\":\"https:\/\/www.tabautoparts.com\/#organization\",\"name\":\"Fujian Tianzhong Machinery Technology Co., Ltd.\",\"url\":\"https:\/\/www.tabautoparts.com\/\",\"logo\":{\"@type\":\"ImageObject\",\"inLanguage\":\"pt-PT\",\"@id\":\"https:\/\/www.tabautoparts.com\/#\/schema\/logo\/image\/\",\"url\":\"https:\/\/www.tabautoparts.com\/wp-content\/uploads\/2025\/09\/Fujian-Tianzhgng-Machinery-Technology-Co.-Ltd-2.webp\",\"contentUrl\":\"https:\/\/www.tabautoparts.com\/wp-content\/uploads\/2025\/09\/Fujian-Tianzhgng-Machinery-Technology-Co.-Ltd-2.webp\",\"width\":500,\"height\":500,\"caption\":\"Fujian Tianzhong Machinery Technology Co., Ltd.\"},\"image\":{\"@id\":\"https:\/\/www.tabautoparts.com\/#\/schema\/logo\/image\/\"}}]}<\/script>\n<!-- \/ Yoast SEO plugin. -->","yoast_head_json":{"title":"Tianzhong Machinery \u2013 Innovative Truck & Undercarriage Parts Manufacturer | TAB\u00ae & TRC\u00ae","description":"Tianzhong Machinery is a leading B2B manufacturer and exporter of durable truck and undercarriage parts. With 38+ years of expertise, we deliver OEM-quality components under TAB\u00ae & TRC\u00ae brands for global distributors and fleets, combining innovation, reliability, and customization.","robots":{"index":"index","follow":"follow","max-snippet":"max-snippet:-1","max-image-preview":"max-image-preview:large","max-video-preview":"max-video-preview:-1"},"canonical":"https:\/\/www.tabautoparts.com\/pt\/news\/","og_locale":"pt_PT","og_type":"article","og_title":"Tianzhong Machinery \u2013 Innovative Truck & Undercarriage Parts Manufacturer | TAB\u00ae & TRC\u00ae","og_description":"Tianzhong Machinery is a leading B2B manufacturer and exporter of durable truck and undercarriage parts. With 38+ years of expertise, we deliver OEM-quality components under TAB\u00ae & TRC\u00ae brands for global distributors and fleets, combining innovation, reliability, and customization.","og_url":"https:\/\/www.tabautoparts.com\/pt\/news\/","og_site_name":"Tianzhong Machinery","article_modified_time":"2025-07-03T03:57:03+00:00","twitter_card":"summary_large_image","schema":{"@context":"https:\/\/schema.org","@graph":[{"@type":"WebPage","@id":"https:\/\/www.tabautoparts.com\/news\/","url":"https:\/\/www.tabautoparts.com\/news\/","name":"Tianzhong Machinery \u2013 Innovative Truck & Undercarriage Parts Manufacturer | TAB\u00ae & TRC\u00ae","isPartOf":{"@id":"https:\/\/www.tabautoparts.com\/#website"},"datePublished":"2025-02-06T08:43:45+00:00","dateModified":"2025-07-03T03:57:03+00:00","description":"Tianzhong Machinery is a leading B2B manufacturer and exporter of durable truck and undercarriage parts. With 38+ years of expertise, we deliver OEM-quality components under TAB\u00ae & TRC\u00ae brands for global distributors and fleets, combining innovation, reliability, and customization.","breadcrumb":{"@id":"https:\/\/www.tabautoparts.com\/news\/#breadcrumb"},"inLanguage":"pt-PT","potentialAction":[{"@type":"ReadAction","target":["https:\/\/www.tabautoparts.com\/news\/"]}]},{"@type":"BreadcrumbList","@id":"https:\/\/www.tabautoparts.com\/news\/#breadcrumb","itemListElement":[{"@type":"ListItem","position":1,"name":"Home","item":"https:\/\/www.tabautoparts.com\/"},{"@type":"ListItem","position":2,"name":"News"}]},{"@type":"WebSite","@id":"https:\/\/www.tabautoparts.com\/#website","url":"https:\/\/www.tabautoparts.com\/","name":"Tianzhong Machinery","description":"Tianzhong Machinery","publisher":{"@id":"https:\/\/www.tabautoparts.com\/#organization"},"potentialAction":[{"@type":"SearchAction","target":{"@type":"EntryPoint","urlTemplate":"https:\/\/www.tabautoparts.com\/?s={search_term_string}"},"query-input":{"@type":"PropertyValueSpecification","valueRequired":true,"valueName":"search_term_string"}}],"inLanguage":"pt-PT"},{"@type":"Organization","@id":"https:\/\/www.tabautoparts.com\/#organization","name":"Fujian Tianzhong Machinery Technology Co., Ltd.","url":"https:\/\/www.tabautoparts.com\/","logo":{"@type":"ImageObject","inLanguage":"pt-PT","@id":"https:\/\/www.tabautoparts.com\/#\/schema\/logo\/image\/","url":"https:\/\/www.tabautoparts.com\/wp-content\/uploads\/2025\/09\/Fujian-Tianzhgng-Machinery-Technology-Co.-Ltd-2.webp","contentUrl":"https:\/\/www.tabautoparts.com\/wp-content\/uploads\/2025\/09\/Fujian-Tianzhgng-Machinery-Technology-Co.-Ltd-2.webp","width":500,"height":500,"caption":"Fujian Tianzhong Machinery Technology Co., Ltd."},"image":{"@id":"https:\/\/www.tabautoparts.com\/#\/schema\/logo\/image\/"}}]}},"_links":{"self":[{"href":"https:\/\/www.tabautoparts.com\/pt\/wp-json\/wp\/v2\/pages\/6","targetHints":{"allow":["GET"]}}],"collection":[{"href":"https:\/\/www.tabautoparts.com\/pt\/wp-json\/wp\/v2\/pages"}],"about":[{"href":"https:\/\/www.tabautoparts.com\/pt\/wp-json\/wp\/v2\/types\/page"}],"author":[{"embeddable":true,"href":"https:\/\/www.tabautoparts.com\/pt\/wp-json\/wp\/v2\/users\/1"}],"replies":[{"embeddable":true,"href":"https:\/\/www.tabautoparts.com\/pt\/wp-json\/wp\/v2\/comments?post=6"}],"version-history":[{"count":4,"href":"https:\/\/www.tabautoparts.com\/pt\/wp-json\/wp\/v2\/pages\/6\/revisions"}],"predecessor-version":[{"id":4035,"href":"https:\/\/www.tabautoparts.com\/pt\/wp-json\/wp\/v2\/pages\/6\/revisions\/4035"}],"wp:attachment":[{"href":"https:\/\/www.tabautoparts.com\/pt\/wp-json\/wp\/v2\/media?parent=6"}],"curies":[{"name":"wp","href":"https:\/\/api.w.org\/{rel}","templated":true}]}}